{"id":33822,"date":"2022-10-03T14:42:18","date_gmt":"2022-10-03T12:42:18","guid":{"rendered":"https:\/\/chamai.be\/?page_id=33822"},"modified":"2022-10-03T16:08:54","modified_gmt":"2022-10-03T14:08:54","slug":"mentions-legales","status":"publish","type":"page","link":"https:\/\/chamai.be\/fr\/mentions-legales\/","title":{"rendered":"Mentions l\u00e9gales"},"content":{"rendered":"<p>[et_pb_section fb_built=\u00a0\u00bb1&Prime; _builder_version=\u00a0\u00bb4.14.9&Prime; _module_preset=\u00a0\u00bbdefault\u00a0\u00bb global_colors_info=\u00a0\u00bb{}\u00a0\u00bb][et_pb_row _builder_version=\u00a0\u00bb4.14.9&Prime; _module_preset=\u00a0\u00bbdefault\u00a0\u00bb global_colors_info=\u00a0\u00bb{}\u00a0\u00bb][et_pb_column type=\u00a0\u00bb4_4&Prime; _builder_version=\u00a0\u00bb4.14.9&Prime; _module_preset=\u00a0\u00bbdefault\u00a0\u00bb global_colors_info=\u00a0\u00bb{}\u00a0\u00bb][et_pb_text _builder_version=\u00a0\u00bb4.14.9&Prime; _module_preset=\u00a0\u00bbdefault\u00a0\u00bb global_colors_info=\u00a0\u00bb{}\u00a0\u00bb]<\/p>\n<h2><span style=\"font-family: inherit; font-weight: normal;\">\u00c9DITEUR DU SITE<\/span><\/h2>\n<p>Le site <a href=\"https:\/\/chamai.be\">https:\/\/chamai.be <\/a>est \u00e9dit\u00e9 par :<\/p>\n<h4 class=\"et_pb_module_header\">Sophie Vandenkerchove<\/h4>\n<p>Email : <a href=\"mailto:chamaicentre@gmail.com\" style=\"font-size: 17px;\">chamaicentre@gmail.com<\/a><a href=\"mailto:contact@labaleinebasque.fr\"><span style=\"font-size: 17px;\"><\/span><\/a><\/p>\n<p><span style=\"font-size: 14.6667px;\">Le si\u00e8ge de Chamai est situ\u00e9 Rue Saint-Brice 15, 6987 Hodister, Belgique.<br \/><\/span><\/p>\n<p><span style=\"font-size: 14.6667px;\"><\/span><\/p>\n<p><span style=\"font-size: 14.6667px;\"><\/span><\/p>\n<h3><\/h3>\n<h3><\/h3>\n<h3><\/h3>\n<h2><span style=\"font-family: inherit; font-weight: normal;\">H\u00c9BERGEUR DU SITE<\/span><\/h2>\n<p>Le site\u00a0<a href=\"https:\/\/chamai.be\">https:\/\/chamai.be <\/a>est h\u00e9berg\u00e9 par :<\/p>\n<p><span style=\"font-family: inherit;\">Infomaniak Network SA<\/span><br \/><span style=\"left: 50px; top: 1305.97px; font-size: 16.6667px; font-family: inherit; transform: scaleX(1); font-weight: normal;\" role=\"presentation\" dir=\"ltr\">Rue Eug\u00e8ne-Marziano 25, 1227 Gen\u00e8ve &#8211; Suisse<\/span><br role=\"presentation\" \/><span style=\"left: 50px; top: 1326.81px; font-size: 16.6667px; font-family: inherit; transform: scaleX(1.00493); font-weight: normal;\" role=\"presentation\" dir=\"ltr\">N\u00b0 IDE &amp; TVA : CHE-103.167.648<br \/><\/span><a href=\"https:\/\/www.infomaniak.com\"><span style=\"left: 66.6667px; top: 1071.05px; font-size: 20px; font-family: sans-serif; transform: scaleX(1.00192);\" role=\"presentation\" dir=\"ltr\"><\/span><\/a><a href=\"http:\/\/www.infomaniak.com\">www.infomaniak.com<\/a><span style=\"left: 66.6667px; top: 1071.05px; font-size: 20px; font-family: sans-serif; transform: scaleX(1.00192);\" role=\"presentation\" dir=\"ltr\"><\/span><span style=\"left: 66.6667px; top: 1071.05px; font-size: 20px; font-family: sans-serif; transform: scaleX(1.00192);\" role=\"presentation\" dir=\"ltr\"><\/span><span style=\"left: 66.6667px; top: 1071.05px; font-size: 20px; font-family: sans-serif; transform: scaleX(1.00192);\" role=\"presentation\" dir=\"ltr\"><\/span><\/p>\n<p><span style=\"left: 66.6667px; top: 1071.05px; font-size: 20px; font-family: sans-serif; transform: scaleX(1.00192);\" role=\"presentation\" dir=\"ltr\"><\/span><\/p>\n<p>[\/et_pb_text][\/et_pb_column][\/et_pb_row][\/et_pb_section]<\/p>\n","protected":false},"excerpt":{"rendered":"<p>\u00c9DITEUR DU SITE Le site https:\/\/chamai.be est \u00e9dit\u00e9 par : Sophie Vandenkerchove Email : chamaicentre@gmail.com Le si\u00e8ge de Chamai est situ\u00e9 Rue Saint-Brice 15, 6987 Hodister, Belgique. H\u00c9BERGEUR DU SITE [&hellip;]<\/p>\n","protected":false},"author":4,"featured_media":0,"parent":0,"menu_order":0,"comment_status":"closed","ping_status":"closed","template":"","meta":{"_et_pb_use_builder":"on","_et_pb_old_content":"","_et_gb_content_width":"","footnotes":""},"_links":{"self":[{"href":"https:\/\/chamai.be\/fr\/wp-json\/wp\/v2\/pages\/33822"}],"collection":[{"href":"https:\/\/chamai.be\/fr\/wp-json\/wp\/v2\/pages"}],"about":[{"href":"https:\/\/chamai.be\/fr\/wp-json\/wp\/v2\/types\/page"}],"author":[{"embeddable":true,"href":"https:\/\/chamai.be\/fr\/wp-json\/wp\/v2\/users\/4"}],"replies":[{"embeddable":true,"href":"https:\/\/chamai.be\/fr\/wp-json\/wp\/v2\/comments?post=33822"}],"version-history":[{"count":11,"href":"https:\/\/chamai.be\/fr\/wp-json\/wp\/v2\/pages\/33822\/revisions"}],"predecessor-version":[{"id":33846,"href":"https:\/\/chamai.be\/fr\/wp-json\/wp\/v2\/pages\/33822\/revisions\/33846"}],"wp:attachment":[{"href":"https:\/\/chamai.be\/fr\/wp-json\/wp\/v2\/media?parent=33822"}],"curies":[{"name":"wp","href":"https:\/\/api.w.org\/{rel}","templated":true}]}}