{"id":28951,"date":"2020-06-10T22:56:16","date_gmt":"2020-06-10T20:56:16","guid":{"rendered":"http:\/\/chamai.be\/?page_id=28951"},"modified":"2025-07-31T12:47:57","modified_gmt":"2025-07-31T10:47:57","slug":"equipe","status":"publish","type":"page","link":"https:\/\/chamai.be\/fr\/equipe\/","title":{"rendered":"Qui sommes-nous"},"content":{"rendered":"<p>[et_pb_section fb_built=\u00a0\u00bb1&Prime; fullwidth=\u00a0\u00bbon\u00a0\u00bb disabled_on=\u00a0\u00bboff|off|off\u00a0\u00bb admin_label=\u00a0\u00bbHero\u00a0\u00bb _builder_version=\u00a0\u00bb4.16&Prime; background_color=\u00a0\u00bb#1f1f1f\u00a0\u00bb parallax=\u00a0\u00bbon\u00a0\u00bb custom_padding=\u00a0\u00bb|||\u00a0\u00bb transparent_background=\u00a0\u00bbon\u00a0\u00bb global_colors_info=\u00a0\u00bb{}\u00a0\u00bb][et_pb_fullwidth_header title=\u00a0\u00bbQui nous sommes\u00a0\u00bb text_orientation=\u00a0\u00bbcenter\u00a0\u00bb background_overlay_color=\u00a0\u00bbrgba(0,0,0,0)\u00a0\u00bb subhead_font_color=\u00a0\u00bb#bebebe\u00a0\u00bb _builder_version=\u00a0\u00bb4.16&Prime; title_font=\u00a0\u00bbPlayfair Display||||\u00a0\u00bb title_text_color=\u00a0\u00bb#ffffff\u00a0\u00bb title_line_height=\u00a0\u00bb1.3em\u00a0\u00bb content_font=\u00a0\u00bbMontserrat||||\u00a0\u00bb content_text_color=\u00a0\u00bb#bfbfbf\u00a0\u00bb content_font_size=\u00a0\u00bb19px\u00a0\u00bb content_line_height=\u00a0\u00bb1.8em\u00a0\u00bb subhead_font=\u00a0\u00bbMontserrat||||\u00a0\u00bb subhead_text_color=\u00a0\u00bb#bebebe\u00a0\u00bb subhead_line_height=\u00a0\u00bb1.8em\u00a0\u00bb background_color=\u00a0\u00bbrgba(255, 255, 255, 0)\u00a0\u00bb background_image=\u00a0\u00bbhttps:\/\/chamai.be\/wp-content\/uploads\/2020\/06\/big_field_sentier_1400x678.jpg\u00a0\u00bb parallax=\u00a0\u00bbon\u00a0\u00bb parallax_method=\u00a0\u00bbon\u00a0\u00bb custom_padding=\u00a0\u00bb5%||0%|||\u00a0\u00bb title_line_height_last_edited=\u00a0\u00bboff|desktop\u00a0\u00bb global_colors_info=\u00a0\u00bb{}\u00a0\u00bb button_one_text_size__hover_enabled=\u00a0\u00bboff\u00a0\u00bb button_two_text_size__hover_enabled=\u00a0\u00bboff\u00a0\u00bb button_one_text_color__hover_enabled=\u00a0\u00bboff\u00a0\u00bb button_two_text_color__hover_enabled=\u00a0\u00bboff\u00a0\u00bb button_one_border_width__hover_enabled=\u00a0\u00bboff\u00a0\u00bb button_two_border_width__hover_enabled=\u00a0\u00bboff\u00a0\u00bb button_one_border_color__hover_enabled=\u00a0\u00bboff\u00a0\u00bb button_two_border_color__hover_enabled=\u00a0\u00bboff\u00a0\u00bb button_one_border_radius__hover_enabled=\u00a0\u00bboff\u00a0\u00bb button_two_border_radius__hover_enabled=\u00a0\u00bboff\u00a0\u00bb button_one_letter_spacing__hover_enabled=\u00a0\u00bboff\u00a0\u00bb button_two_letter_spacing__hover_enabled=\u00a0\u00bboff\u00a0\u00bb button_one_bg_color__hover_enabled=\u00a0\u00bboff\u00a0\u00bb button_two_bg_color__hover_enabled=\u00a0\u00bboff\u00a0\u00bb]<\/p>\n<p>&nbsp;<\/p>\n<p>&nbsp;<\/p>\n<p>&nbsp;<\/p>\n<p>[\/et_pb_fullwidth_header][\/et_pb_section][et_pb_section fb_built=\u00a0\u00bb1&Prime; admin_label=\u00a0\u00bbOur Story\u00a0\u00bb _builder_version=\u00a0\u00bb4.16&Prime; background_color=\u00a0\u00bb#ffffff\u00a0\u00bb background_position=\u00a0\u00bbtop_left\u00a0\u00bb custom_padding=\u00a0\u00bb55px|0px|0px|0px||\u00a0\u00bb collapsed=\u00a0\u00bboff\u00a0\u00bb global_colors_info=\u00a0\u00bb{}\u00a0\u00bb][et_pb_row _builder_version=\u00a0\u00bb4.16&Prime; custom_margin=\u00a0\u00bb|auto|23px|auto||\u00a0\u00bb global_colors_info=\u00a0\u00bb{}\u00a0\u00bb][et_pb_column type=\u00a0\u00bb4_4&Prime; _builder_version=\u00a0\u00bb4.16&Prime; global_colors_info=\u00a0\u00bb{}\u00a0\u00bb][et_pb_team_member name=\u00a0\u00bbSophie Vandenkerchove\u00a0\u00bb image_url=\u00a0\u00bbhttps:\/\/chamai.be\/wp-content\/uploads\/2020\/11\/IMG_8451-2-scaled.jpg\u00a0\u00bb icon_color=\u00a0\u00bb#333333&Prime; admin_label=\u00a0\u00bbSophie\u00a0\u00bb _builder_version=\u00a0\u00bb4.25.2&Prime; header_font=\u00a0\u00bbPlayfair Display||||||||\u00a0\u00bb header_font_size=\u00a0\u00bb30px\u00a0\u00bb border_radii_image=\u00a0\u00bbon|NaNpx|NaNpx|NaNpx|NaNpx\u00a0\u00bb global_colors_info=\u00a0\u00bb{}\u00a0\u00bb]<\/p>\n<p><span style=\"font-size: 14.000000953674316px;\"><br \/>Sophie a une grande passion et un grand amour pour la nature.<\/span><\/p>\n<p>Les moments cl\u00e9s de sa vie se sont pass\u00e9s dans les for\u00eats des Ardennes belges. Pendant tout le cheminement de sa vie, elle \u00e9t\u00e9 profond\u00e9ment <strong>passionn\u00e9e par la Nature et ses habitants<\/strong>. Apr\u00e8s avoir parcouru les endroits sauvages de cette Terre dans les villes, Sophie d\u00e9cid\u00e9 de r\u00e9pondre \u00e0 l&rsquo;appel qu&rsquo;elle y a entendu.<\/p>\n<p style=\"text-align: justify;\">Depuis lors, Sophie vit dans l&rsquo;Ancien Presbyt\u00e8re de ses anc\u00e8tres \u00e0 Hodister et y propose des retraites de resourcement et ateliers au travers de Chamai, dont elle est la tisseuse. A travers de ce projet de vie, elle souhaite reconnecter les personnes avec la Nature.\u00a0Dans son travail, elle apporte l\u2019importance des <strong>c\u00e9r\u00e9monies, les rites de passages, les immersions en nature, les promenades contemplatives et une f\u00e9minit\u00e9 authentique<\/strong>.<\/p>\n<p>Ce projet de vie est devenu possible gr\u00e2\u00e7e au patrimoine ancestral qui a \u00e9t\u00e9 confi\u00e9 par sa grandm\u00e8re, originaire des Ardennes et ses parents qui ont toujours eu beaucoup d&rsquo;amour pour ce lieu et les f\u00f4rets envoissinantes.<\/p>\n<p>En tant que gardienne de ce lieu magique, elle souhaite le partager avec des personnes qui recherchent <strong>une connexion avec leurs racines, notre nature belge et une spiritualit\u00e9 simple ancr\u00e9e dans la vie<\/strong>. En tant que presbyt\u00e8re et maison familiale, le lieu a fait vivre, au fil des si\u00e8cles, \u00e0 de nombreux \u00eatres une exp\u00e9rience forte de communaut\u00e9, de convivialit\u00e9 et de qui\u00e9titude, et c&rsquo;est ce que Sophie veut aussi transmettre aux personnes visitants les lieux et aux g\u00e9n\u00e9rations futurs.<\/p>\n<p>&nbsp;<\/p>\n<p>[\/et_pb_team_member][\/et_pb_column][\/et_pb_row][et_pb_row _builder_version=\u00a0\u00bb4.16&Prime; custom_margin=\u00a0\u00bb|auto|23px|auto||\u00a0\u00bb global_colors_info=\u00a0\u00bb{}\u00a0\u00bb][et_pb_column type=\u00a0\u00bb4_4&Prime; _builder_version=\u00a0\u00bb4.16&Prime; global_colors_info=\u00a0\u00bb{}\u00a0\u00bb][et_pb_team_member name=\u00a0\u00bbGert Daniels\u00a0\u00bb image_url=\u00a0\u00bbhttps:\/\/chamai.be\/wp-content\/uploads\/2021\/11\/DSC_1920-scaled.jpg\u00a0\u00bb icon_color=\u00a0\u00bb#333333&Prime; admin_label=\u00a0\u00bbSophie\u00a0\u00bb _builder_version=\u00a0\u00bb4.25.2&Prime; header_font=\u00a0\u00bbPlayfair Display||||||||\u00a0\u00bb header_font_size=\u00a0\u00bb30px\u00a0\u00bb border_radii_image=\u00a0\u00bbon|NaNpx|NaNpx|NaNpx|NaNpx\u00a0\u00bb global_colors_info=\u00a0\u00bb{}\u00a0\u00bb]<\/p>\n<p>&nbsp;<\/p>\n<p>Gert chemine \u00e0 travers la vie comme prof de danse et de yoga. Il invite chacun \u00e0 vivre de son c\u0153ur.<\/p>\n<p>En tant que directeur de l&rsquo;asbl We See You, il apporte le\u00a0<strong>mouvement, la danse, le chant et les arts martiaux aux jeunes dans les centres d&rsquo;aide \u00e0 la jeunesse et les \u00e9coles<\/strong>. Gr\u00e2ce \u00e0 de nombreux enseignants, il poss\u00e8de d&rsquo;innombrables tr\u00e9sors qu&rsquo;il souhaite partager avec chaque personne qui en a besoin. Notamment en \u00e9tant pr\u00e9sent en douceur et en \u00e9coutant ce qui est pr\u00e9sent.<\/p>\n<p>Ses sp\u00e9cialit\u00e9s sont la <strong>danse sufi\u00a0<\/strong>et la <strong>danse de l&rsquo;\u00e9p\u00e9e (Tog Ch\u00f6d Sword)<\/strong>. En outre, depuis des ann\u00e9es, il co-organise des rencontres d&rsquo;hommes et il est co-fondateur du Festival pour les hommes en Flandres.<\/p>\n<p>Avec Sophie, Gert est gardien de ce lieu ancestral au c\u0153ur des Ardennes et ensemble ils cr\u00e9ent de Chamai une oasis de paix et d&rsquo;amour. Ensemble, ils apportent la sagesse de la nature aupr\u00e8s de vous et surtout \u00e0 la jeune g\u00e9n\u00e9ration.<\/p>\n<p>Rejoignez-nous pour devenir <strong>un co-cr\u00e9ateur de la Tribu du C\u0153ur<\/strong>, o\u00f9 chaque c\u0153ur est incroyablement important dans ces temps de changement.<\/p>\n<p>&nbsp;<\/p>\n<p>[\/et_pb_team_member][\/et_pb_column][\/et_pb_row][\/et_pb_section]<\/p>\n","protected":false},"excerpt":{"rendered":"<p>&nbsp; &nbsp; &nbsp;Sophie a une grande passion et un grand amour pour la nature. Les moments cl\u00e9s de sa vie se sont pass\u00e9s dans les for\u00eats des Ardennes belges. Pendant [&hellip;]<\/p>\n","protected":false},"author":4,"featured_media":0,"parent":0,"menu_order":0,"comment_status":"closed","ping_status":"closed","template":"","meta":{"_et_pb_use_builder":"on","_et_pb_old_content":"","_et_gb_content_width":"","footnotes":""},"_links":{"self":[{"href":"https:\/\/chamai.be\/fr\/wp-json\/wp\/v2\/pages\/28951"}],"collection":[{"href":"https:\/\/chamai.be\/fr\/wp-json\/wp\/v2\/pages"}],"about":[{"href":"https:\/\/chamai.be\/fr\/wp-json\/wp\/v2\/types\/page"}],"author":[{"embeddable":true,"href":"https:\/\/chamai.be\/fr\/wp-json\/wp\/v2\/users\/4"}],"replies":[{"embeddable":true,"href":"https:\/\/chamai.be\/fr\/wp-json\/wp\/v2\/comments?post=28951"}],"version-history":[{"count":74,"href":"https:\/\/chamai.be\/fr\/wp-json\/wp\/v2\/pages\/28951\/revisions"}],"predecessor-version":[{"id":38863,"href":"https:\/\/chamai.be\/fr\/wp-json\/wp\/v2\/pages\/28951\/revisions\/38863"}],"wp:attachment":[{"href":"https:\/\/chamai.be\/fr\/wp-json\/wp\/v2\/media?parent=28951"}],"curies":[{"name":"wp","href":"https:\/\/api.w.org\/{rel}","templated":true}]}}