{"id":32017,"date":"2020-11-05T18:50:13","date_gmt":"2020-11-05T17:50:13","guid":{"rendered":"https:\/\/chamai.be\/accommodation\/"},"modified":"2023-06-12T18:43:39","modified_gmt":"2023-06-12T16:43:39","slug":"accommodation","status":"publish","type":"page","link":"https:\/\/chamai.be\/en\/accommodation\/","title":{"rendered":"Guest rooms"},"content":{"rendered":"<p>[et_pb_section fb_built=&#8221;1&#8243; fullwidth=&#8221;on&#8221; disabled_on=&#8221;off|off|off&#8221; admin_label=&#8221;Titre&#8221; _builder_version=&#8221;4.6.6&#8243; background_color=&#8221;#1f1f1f&#8221; parallax=&#8221;on&#8221; custom_padding=&#8221;|||&#8221; transparent_background=&#8221;on&#8221; global_colors_info=&#8221;{}&#8221;][et_pb_fullwidth_header title=&#8221;Guest rooms&#8221; text_orientation=&#8221;center&#8221; background_overlay_color=&#8221;rgba(0,0,0,0)&#8221; subhead_font_color=&#8221;#bebebe&#8221; _builder_version=&#8221;4.6.6&#8243; title_font=&#8221;Playfair Display||||||||&#8221; title_text_color=&#8221;#ffffff&#8221; title_line_height=&#8221;1.3em&#8221; content_font=&#8221;Montserrat||||&#8221; content_text_color=&#8221;#bfbfbf&#8221; content_font_size=&#8221;19px&#8221; content_line_height=&#8221;1.8em&#8221; subhead_font=&#8221;Montserrat||||&#8221; subhead_text_color=&#8221;#bebebe&#8221; subhead_line_height=&#8221;1.8em&#8221; background_color=&#8221;rgba(255, 255, 255, 0)&#8221; background_image=&#8221;https:\/\/chamai.be\/wp-content\/uploads\/2020\/06\/IMG_9971-2-scaled.jpg&#8221; parallax=&#8221;on&#8221; parallax_method=&#8221;on&#8221; custom_padding=&#8221;5%||5%|&#8221; title_line_height_last_edited=&#8221;off|desktop&#8221; title_text_shadow_style=&#8221;preset1&#8243; title_text_shadow_color=&#8221;rgba(0,0,0,0.9)&#8221; global_colors_info=&#8221;{}&#8221; button_one_text_size__hover_enabled=&#8221;off&#8221; button_two_text_size__hover_enabled=&#8221;off&#8221; button_one_text_color__hover_enabled=&#8221;off&#8221; button_two_text_color__hover_enabled=&#8221;off&#8221; button_one_border_width__hover_enabled=&#8221;off&#8221; button_two_border_width__hover_enabled=&#8221;off&#8221; button_one_border_color__hover_enabled=&#8221;off&#8221; button_two_border_color__hover_enabled=&#8221;off&#8221; button_one_border_radius__hover_enabled=&#8221;off&#8221; button_two_border_radius__hover_enabled=&#8221;off&#8221; button_one_letter_spacing__hover_enabled=&#8221;off&#8221; button_two_letter_spacing__hover_enabled=&#8221;off&#8221; button_one_bg_color__hover_enabled=&#8221;off&#8221; button_two_bg_color__hover_enabled=&#8221;off&#8221;]<\/p>\n<p><span style=\"color: #ffffff;\"> <\/span><\/p>\n<p>&nbsp;<\/p>\n<p>[\/et_pb_fullwidth_header][\/et_pb_section][et_pb_section fb_built=&#8221;1&#8243; admin_label=&#8221;Pr\u00e9sentation&#8221; _builder_version=&#8221;4.4.8&#8243; custom_padding=&#8221;||0px|||&#8221; global_colors_info=&#8221;{}&#8221;][et_pb_row _builder_version=&#8221;4.4.8&#8243; min_height=&#8221;134px&#8221; custom_padding=&#8221;||15px|||&#8221; global_colors_info=&#8221;{}&#8221;][et_pb_column type=&#8221;4_4&#8243; _builder_version=&#8221;4.4.8&#8243; global_colors_info=&#8221;{}&#8221;][et_pb_text disabled_on=&#8221;off|off|off&#8221; _builder_version=&#8221;4.6.6&#8243; text_font=&#8221;||||||||&#8221; header_font=&#8221;||||||||&#8221; header_2_font=&#8221;Playfair Display||||&#8221; header_2_font_size=&#8221;48px&#8221; header_2_line_height=&#8221;1.3em&#8221; header_2_font_size_tablet=&#8221;&#8221; header_2_font_size_phone=&#8221;30px&#8221; header_2_font_size_last_edited=&#8221;on|phone&#8221; global_colors_info=&#8221;{}&#8221; header_font_size__hover=&#8221;30px&#8221; header_font_size__hover_enabled=&#8221;30px&#8221; header_letter_spacing__hover=&#8221;0px&#8221; header_letter_spacing__hover_enabled=&#8221;0px&#8221; header_text_shadow_style__hover=&#8221;none&#8221; header_text_shadow_style__hover_enabled=&#8221;none&#8221; header_text_shadow_color__hover=&#8221;rgba(0,0,0,0.4)&#8221; header_text_shadow_color__hover_enabled=&#8221;rgba(0,0,0,0.4)&#8221;]<\/p>\n<h2>Our rooms<\/h2>\n<p>[\/et_pb_text][\/et_pb_column][\/et_pb_row][et_pb_row _builder_version=&#8221;4.14.9&#8243; _module_preset=&#8221;default&#8221; global_colors_info=&#8221;{}&#8221;][et_pb_column type=&#8221;4_4&#8243; _builder_version=&#8221;4.14.9&#8243; _module_preset=&#8221;default&#8221; global_colors_info=&#8221;{}&#8221;][et_pb_text _builder_version=&#8221;4.14.9&#8243; _module_preset=&#8221;default&#8221; hover_enabled=&#8221;0&#8243; global_colors_info=&#8221;{}&#8221; sticky_enabled=&#8221;0&#8243;]<\/p>\n<p><span style=\"color: #935252;\"><strong><span style=\"font-size: medium;\">At the moment we regularly receive groups at weekends for our retreats and workshops, so we are not accepting individual stays at the moment. Find out about availability in the coming months at <a href=\"mailto:chamaicentre@gmail.com\">chamaicentre@gmail.com<\/a> if you&#8217;d like to come as a group and you&#8217;re more than welcome to join us on one of our retreats!<\/span><\/strong><\/span><\/p>\n<p>[\/et_pb_text][\/et_pb_column][\/et_pb_row][et_pb_row column_structure=&#8221;2_5,3_5&#8243; _builder_version=&#8221;4.6.6&#8243; _module_preset=&#8221;default&#8221; global_colors_info=&#8221;{}&#8221;][et_pb_column type=&#8221;2_5&#8243; _builder_version=&#8221;4.6.6&#8243; _module_preset=&#8221;default&#8221; global_colors_info=&#8221;{}&#8221;][et_pb_image src=&#8221;https:\/\/chamai.be\/wp-content\/uploads\/2020\/11\/IMG_9996-4-scaled.jpg&#8221; alt=&#8221;The Old Presbytery&#8221; title_text=&#8221;IMG_9996 (4)&#8221; url=&#8221;https:\/\/chamai.be\/en\/accommodation-in-the-old-presbytery\/&#8221; _builder_version=&#8221;4.6.6&#8243; _module_preset=&#8221;default&#8221; global_colors_info=&#8221;{}&#8221;][\/et_pb_image][\/et_pb_column][et_pb_column type=&#8221;3_5&#8243; _builder_version=&#8221;4.6.6&#8243; _module_preset=&#8221;default&#8221; global_colors_info=&#8221;{}&#8221;][et_pb_text _builder_version=&#8221;4.14.9&#8243; _module_preset=&#8221;default&#8221; custom_padding=&#8221;1px|||||&#8221; global_colors_info=&#8221;{}&#8221;]<\/p>\n<h2>Rooms in the Old Presbytery<\/h2>\n<p>&nbsp;<\/p>\n<ul>\n<li>2 large rooms with a double bed<\/li>\n<li>Organic breakfast of this region<\/li>\n<li>Ideal for families, couples, small groups of friends<\/li>\n<li> For those who love close encounter and exchange with the host<br \/>(shared kitchen, living room and bathroom).<\/li>\n<\/ul>\n<p>[\/et_pb_text][et_pb_button button_url=&#8221;https:\/\/chamai.be\/en\/accommodation-in-the-old-presbytery\/&#8221; button_text=&#8221;Guided tour &amp; reservation&#8221; admin_label=&#8221;Visite guid\u00e9e&#8221; _builder_version=&#8221;4.14.9&#8243; _module_preset=&#8221;default&#8221; global_colors_info=&#8221;{}&#8221;][\/et_pb_button][\/et_pb_column][\/et_pb_row][et_pb_row column_structure=&#8221;2_5,3_5&#8243; _builder_version=&#8221;4.6.6&#8243; _module_preset=&#8221;default&#8221; min_height=&#8221;393px&#8221; custom_padding=&#8221;46px||0px|||&#8221; global_colors_info=&#8221;{}&#8221;][et_pb_column type=&#8221;2_5&#8243; _builder_version=&#8221;4.6.6&#8243; _module_preset=&#8221;default&#8221; global_colors_info=&#8221;{}&#8221;][et_pb_image src=&#8221;https:\/\/chamai.be\/wp-content\/uploads\/2020\/11\/IMG_9971-3-scaled.jpg&#8221; alt=&#8221;The Earth House&#8221; title_text=&#8221;IMG_9971 (3)&#8221; url=&#8221;https:\/\/chamai.be\/en\/rooms-in-the-earth-house\/&#8221; _builder_version=&#8221;4.6.6&#8243; _module_preset=&#8221;default&#8221; global_colors_info=&#8221;{}&#8221;][\/et_pb_image][\/et_pb_column][et_pb_column type=&#8221;3_5&#8243; _builder_version=&#8221;4.6.6&#8243; _module_preset=&#8221;default&#8221; global_colors_info=&#8221;{}&#8221;][et_pb_text _builder_version=&#8221;4.14.9&#8243; _module_preset=&#8221;default&#8221; global_colors_info=&#8221;{}&#8221;]<\/p>\n<h2>Stay in the Earth House<\/p>\n<\/h2>\n<p>&nbsp;<\/p>\n<ul>\n<li style=\"text-align: center;\">Accommodation possible for 4 persons<\/li>\n<li style=\"text-align: center;\">Organic breakfast of this region<\/li>\n<li style=\"text-align: center;\">Ideal for travelers, groups, small families and couples<\/li>\n<li style=\"text-align: center;\"> Pour ceux qui veulent \u00eatre au calme et connect\u00e9e \u00e0 la vie simple<\/li>\n<\/ul>\n<p>[\/et_pb_text][et_pb_button button_url=&#8221;https:\/\/chamai.be\/en\/rooms-in-the-earth-house\/&#8221; button_text=&#8221;Guided tour &amp; reservation&#8221; admin_label=&#8221;Visite guid\u00e9e&#8221; _builder_version=&#8221;4.14.9&#8243; _module_preset=&#8221;default&#8221; global_colors_info=&#8221;{}&#8221;][\/et_pb_button][\/et_pb_column][\/et_pb_row][et_pb_row _builder_version=&#8221;4.6.6&#8243; _module_preset=&#8221;default&#8221; module_alignment=&#8221;center&#8221; saved_tabs=&#8221;all&#8221; global_colors_info=&#8221;{}&#8221;][et_pb_column type=&#8221;4_4&#8243; _builder_version=&#8221;4.6.6&#8243; _module_preset=&#8221;default&#8221; global_colors_info=&#8221;{}&#8221;][et_pb_text _builder_version=&#8221;4.14.9&#8243; _module_preset=&#8221;default&#8221; max_width=&#8221;1100px&#8221; module_alignment=&#8221;left&#8221; custom_padding=&#8221;|0px||||&#8221; global_colors_info=&#8221;{}&#8221;]<\/p>\n<h2 style=\"text-align: left;\"><span style=\"font-family: inherit; font-weight: normal;\">Venue hire<br \/><strong><span style=\"color: #939393;\"><br \/><\/span><\/strong><\/span><\/h2>\n<p style=\"text-align: left;\"><span style=\"font-family: inherit; font-weight: normal;\"><span style=\"color: #939393;\">If you would like to hire the Earth House for your workshop, training or event with your group in Nature, please visit our <a href=\"https:\/\/chamai.be\/en\/hire\/\">Venue Hire<\/a> page.<\/span><\/span><\/p>\n<p>[\/et_pb_text][\/et_pb_column][\/et_pb_row][\/et_pb_section][et_pb_section fb_built=&#8221;1&#8243; admin_label=&#8221;Valeurs et r\u00e8gles&#8221; _builder_version=&#8221;4.14.9&#8243; custom_padding=&#8221;0px|||||&#8221; hover_enabled=&#8221;0&#8243; global_colors_info=&#8221;{}&#8221; sticky_enabled=&#8221;0&#8243;][et_pb_row _builder_version=&#8221;4.4.8&#8243; global_colors_info=&#8221;{}&#8221;][et_pb_column type=&#8221;4_4&#8243; _builder_version=&#8221;4.4.8&#8243; global_colors_info=&#8221;{}&#8221;][et_pb_accordion closed_toggle_text_color=&#8221;rgba(0,0,0,0.84)&#8221; _builder_version=&#8221;4.14.9&#8243; toggle_font=&#8221;Playfair Display||||||||&#8221; closed_toggle_font=&#8221;Playfair Display||||||||&#8221; hover_enabled=&#8221;0&#8243; global_colors_info=&#8221;{}&#8221; sticky_enabled=&#8221;0&#8243;][et_pb_accordion_item title=&#8221;House values&#8221; open=&#8221;on&#8221; open_toggle_text_color=&#8221;rgba(0,0,0,0.84)&#8221; closed_toggle_text_color=&#8221;rgba(0,0,0,0.84)&#8221; _builder_version=&#8221;4.14.9&#8243; hover_enabled=&#8221;0&#8243; global_colors_info=&#8221;{}&#8221; toggle_text_color=&#8221;rgba(0,0,0,0.84)&#8221; sticky_enabled=&#8221;0&#8243;]<\/p>\n<p>In a world where we&#8217;re on call most of the time, it&#8217;s a real relief when we can disconnect for a few days and reconnect with the wider world around us. To enable this, we invite our visitors to reduce the use of their electronic devices during their stay with us. We do not provide a WIFI connection for our visitors.<\/p>\n<p>Our goal is to create a welcoming place for you to feel at home. To make this possible, we also ask visitors to respect the following values:<\/p>\n<p>The place is completely drug-free. Smoking is possible in the garden, in a relaxation area reserved for smokers.<\/p>\n<p>We welcome respectful and open behavior towards each other and the non-human beings around us.<\/p>\n<p>Out of respect for our neighbours in the village, we would ask you to keep noise to a minimum from twilight and especially during the night of your stay.<\/p>\n<p>[\/et_pb_accordion_item][et_pb_accordion_item title=&#8221;Booking and cancelation policy&#8221; open_toggle_text_color=&#8221;rgba(0,0,0,0.84)&#8221; closed_toggle_text_color=&#8221;rgba(0,0,0,0.84)&#8221; _builder_version=&#8221;4.14.9&#8243; hover_enabled=&#8221;0&#8243; global_colors_info=&#8221;{}&#8221; toggle_text_color=&#8221;rgba(0,0,0,0.84)&#8221; open=&#8221;off&#8221; sticky_enabled=&#8221;0&#8243;]<\/p>\n<p>In order to facilitate the organisation of your group stay, a deposit of 50% of the rental costs will be requested at the time of confirmation (no later than 3 months before your arrival).<\/p>\n<p><span>If you cancel your stay between 3 and 2 months before your arrival, 50% of your deposit will be retained. Less than 2 months before the date of arrival, your full deposit will be retained. If you cancel less than one month before your arrival, 25% of the remaining amount of your reservation will be charged to cover the costs incurred by your cancellation.<\/span><span><br \/><\/span><\/p>\n<p><b>Second catering depositf<\/b><span>:<br \/> for groups of 8 or more (including facilitators of the group) there is a second non-refundable catering deposit of 300 euros to be paid at the time of your booking.<\/span><\/p>\n<p>[\/et_pb_accordion_item][\/et_pb_accordion][\/et_pb_column][\/et_pb_row][\/et_pb_section][et_pb_section fb_built=&#8221;1&#8243; admin_label=&#8221;Activit\u00e9s et \u00e0 propos&#8221; _builder_version=&#8221;4.4.8&#8243; global_colors_info=&#8221;{}&#8221;][et_pb_row column_structure=&#8221;1_3,1_3,1_3&#8243; _builder_version=&#8221;4.4.8&#8243; global_colors_info=&#8221;{}&#8221;][et_pb_column type=&#8221;1_3&#8243; _builder_version=&#8221;4.4.8&#8243; global_colors_info=&#8221;{}&#8221;][et_pb_image src=&#8221;https:\/\/chamai.be\/wp-content\/uploads\/2020\/11\/activites_ateliers_510x340.jpg&#8221; alt=&#8221;Retreats &amp; Mentoring&#8221; title_text=&#8221;Retreats &amp; Mentoring&#8221; url=&#8221;https:\/\/chamai.be\/en\/workshops-and-coaching\/&#8221; admin_label=&#8221;Image bouton globale Retraites &#038; Coaching FR&#8221; _builder_version=&#8221;4.14.9&#8243; custom_margin=&#8221;||35px|||&#8221; global_module=&#8221;30563&#8243; saved_tabs=&#8221;all&#8221; global_colors_info=&#8221;{}&#8221;][\/et_pb_image][et_pb_button button_url=&#8221;https:\/\/chamai.be\/en\/workshops-and-coaching\/&#8221; button_text=&#8221;Retraites &amp; Mentoring&#8221; admin_label=&#8221;Bouton Global retraites &#038; coaching&#8221; _builder_version=&#8221;4.14.9&#8243; button_rel=&#8221;off|off|off|off|off&#8221; hover_transition_duration=&#8221;0ms&#8221; button_letter_spacing_hover=&#8221;2px&#8221; global_module=&#8221;30242&#8243; saved_tabs=&#8221;all&#8221; global_colors_info=&#8221;{}&#8221; button_text_size__hover_enabled=&#8221;off&#8221; button_one_text_size__hover_enabled=&#8221;off&#8221; button_two_text_size__hover_enabled=&#8221;off&#8221; button_text_color__hover_enabled=&#8221;off&#8221; button_one_text_color__hover_enabled=&#8221;off&#8221; button_two_text_color__hover_enabled=&#8221;off&#8221; button_border_width__hover_enabled=&#8221;off&#8221; button_one_border_width__hover_enabled=&#8221;off&#8221; button_two_border_width__hover_enabled=&#8221;off&#8221; button_border_color__hover_enabled=&#8221;off&#8221; button_one_border_color__hover_enabled=&#8221;off&#8221; button_two_border_color__hover_enabled=&#8221;off&#8221; button_border_radius__hover_enabled=&#8221;off&#8221; button_one_border_radius__hover_enabled=&#8221;off&#8221; button_two_border_radius__hover_enabled=&#8221;off&#8221; button_letter_spacing__hover_enabled=&#8221;on&#8221; button_letter_spacing__hover=&#8221;2px&#8221; button_one_letter_spacing__hover_enabled=&#8221;off&#8221; button_two_letter_spacing__hover_enabled=&#8221;off&#8221; button_bg_color__hover_enabled=&#8221;off&#8221; button_one_bg_color__hover_enabled=&#8221;off&#8221; button_two_bg_color__hover_enabled=&#8221;off&#8221;][\/et_pb_button][\/et_pb_column][et_pb_column type=&#8221;1_3&#8243; _builder_version=&#8221;4.4.8&#8243; global_colors_info=&#8221;{}&#8221;][et_pb_image src=&#8221;https:\/\/chamai.be\/wp-content\/uploads\/2020\/11\/zafus_510x340.jpg&#8221; alt=&#8221;Venue hire&#8221; title_text=&#8221;Venue hire&#8221; url=&#8221;https:\/\/chamai.be\/en\/hire\/&#8221; admin_label=&#8221;Image bouton globale Location du Centre FR&#8221; module_id=&#8221;location_anchor&#8221; _builder_version=&#8221;4.14.9&#8243; global_module=&#8221;30564&#8243; saved_tabs=&#8221;all&#8221; global_colors_info=&#8221;{}&#8221;][\/et_pb_image][et_pb_button button_url=&#8221;https:\/\/chamai.be\/en\/hire\/&#8221; button_text=&#8221;Venue hire&#8221; admin_label=&#8221;Bouton global Location du Centre FR&#8221; _builder_version=&#8221;4.14.9&#8243; button_letter_spacing_hover=&#8221;2px&#8221; global_module=&#8221;30176&#8243; saved_tabs=&#8221;all&#8221; global_colors_info=&#8221;{}&#8221; button_text_size__hover_enabled=&#8221;off&#8221; button_one_text_size__hover_enabled=&#8221;off&#8221; button_two_text_size__hover_enabled=&#8221;off&#8221; button_text_color__hover_enabled=&#8221;off&#8221; button_one_text_color__hover_enabled=&#8221;off&#8221; button_two_text_color__hover_enabled=&#8221;off&#8221; button_border_width__hover_enabled=&#8221;off&#8221; button_one_border_width__hover_enabled=&#8221;off&#8221; button_two_border_width__hover_enabled=&#8221;off&#8221; button_border_color__hover_enabled=&#8221;off&#8221; button_one_border_color__hover_enabled=&#8221;off&#8221; button_two_border_color__hover_enabled=&#8221;off&#8221; button_border_radius__hover_enabled=&#8221;off&#8221; button_one_border_radius__hover_enabled=&#8221;off&#8221; button_two_border_radius__hover_enabled=&#8221;off&#8221; button_letter_spacing__hover_enabled=&#8221;on&#8221; button_letter_spacing__hover=&#8221;2px&#8221; button_one_letter_spacing__hover_enabled=&#8221;off&#8221; button_two_letter_spacing__hover_enabled=&#8221;off&#8221; button_bg_color__hover_enabled=&#8221;off&#8221; button_one_bg_color__hover_enabled=&#8221;off&#8221; button_two_bg_color__hover_enabled=&#8221;off&#8221;][\/et_pb_button][\/et_pb_column][et_pb_column type=&#8221;1_3&#8243; _builder_version=&#8221;4.4.8&#8243; global_colors_info=&#8221;{}&#8221;][et_pb_image src=&#8221;https:\/\/chamai.be\/wp-content\/uploads\/2020\/11\/lieu_510x340.jpg&#8221; alt=&#8221;About the place&#8221; title_text=&#8221;About the place&#8221; url=&#8221;https:\/\/chamai.be\/en\/the-earth-house\/&#8221; admin_label=&#8221;Image bouton Global A propos du lieu&#8221; _builder_version=&#8221;4.14.9&#8243; _module_preset=&#8221;default&#8221; global_module=&#8221;30570&#8243; saved_tabs=&#8221;all&#8221; global_colors_info=&#8221;{}&#8221;][\/et_pb_image][et_pb_button button_url=&#8221;https:\/\/chamai.be\/en\/the-earth-house\/&#8221; button_text=&#8221;About the place&#8221; admin_label=&#8221;Bouton Global A propos du lieu&#8221; _builder_version=&#8221;4.14.9&#8243; button_letter_spacing_hover=&#8221;2px&#8221; global_module=&#8221;30191&#8243; saved_tabs=&#8221;all&#8221; global_colors_info=&#8221;{}&#8221; button_text_size__hover_enabled=&#8221;off&#8221; button_one_text_size__hover_enabled=&#8221;off&#8221; button_two_text_size__hover_enabled=&#8221;off&#8221; button_text_color__hover_enabled=&#8221;off&#8221; button_one_text_color__hover_enabled=&#8221;off&#8221; button_two_text_color__hover_enabled=&#8221;off&#8221; button_border_width__hover_enabled=&#8221;off&#8221; button_one_border_width__hover_enabled=&#8221;off&#8221; button_two_border_width__hover_enabled=&#8221;off&#8221; button_border_color__hover_enabled=&#8221;off&#8221; button_one_border_color__hover_enabled=&#8221;off&#8221; button_two_border_color__hover_enabled=&#8221;off&#8221; button_border_radius__hover_enabled=&#8221;off&#8221; button_one_border_radius__hover_enabled=&#8221;off&#8221; button_two_border_radius__hover_enabled=&#8221;off&#8221; button_letter_spacing__hover_enabled=&#8221;on&#8221; button_letter_spacing__hover=&#8221;2px&#8221; button_one_letter_spacing__hover_enabled=&#8221;off&#8221; button_two_letter_spacing__hover_enabled=&#8221;off&#8221; button_bg_color__hover_enabled=&#8221;off&#8221; button_one_bg_color__hover_enabled=&#8221;off&#8221; button_two_bg_color__hover_enabled=&#8221;off&#8221;][\/et_pb_button][\/et_pb_column][\/et_pb_row][\/et_pb_section]<\/p>\n","protected":false},"excerpt":{"rendered":"<p>&nbsp;Our roomsAt the moment we regularly receive groups at weekends for our retreats and workshops, so we are not accepting individual stays at the moment. Find out about availability in [&hellip;]<\/p>\n","protected":false},"author":4,"featured_media":0,"parent":0,"menu_order":0,"comment_status":"closed","ping_status":"closed","template":"","meta":{"_et_pb_use_builder":"on","_et_pb_old_content":"","_et_gb_content_width":"","footnotes":""},"_links":{"self":[{"href":"https:\/\/chamai.be\/en\/wp-json\/wp\/v2\/pages\/32017"}],"collection":[{"href":"https:\/\/chamai.be\/en\/wp-json\/wp\/v2\/pages"}],"about":[{"href":"https:\/\/chamai.be\/en\/wp-json\/wp\/v2\/types\/page"}],"author":[{"embeddable":true,"href":"https:\/\/chamai.be\/en\/wp-json\/wp\/v2\/users\/4"}],"replies":[{"embeddable":true,"href":"https:\/\/chamai.be\/en\/wp-json\/wp\/v2\/comments?post=32017"}],"version-history":[{"count":16,"href":"https:\/\/chamai.be\/en\/wp-json\/wp\/v2\/pages\/32017\/revisions"}],"predecessor-version":[{"id":35457,"href":"https:\/\/chamai.be\/en\/wp-json\/wp\/v2\/pages\/32017\/revisions\/35457"}],"wp:attachment":[{"href":"https:\/\/chamai.be\/en\/wp-json\/wp\/v2\/media?parent=32017"}],"curies":[{"name":"wp","href":"https:\/\/api.w.org\/{rel}","templated":true}]}}